{"id":1428,"date":"2023-10-16T21:14:36","date_gmt":"2023-10-16T19:14:36","guid":{"rendered":"https:\/\/sanmigueladoratrices.com\/nomatriculados\/?page_id=1428"},"modified":"2025-11-24T13:42:58","modified_gmt":"2025-11-24T12:42:58","slug":"programa-erasmus","status":"publish","type":"page","link":"https:\/\/sanmigueladoratrices.com\/nomatriculados\/programa-erasmus\/","title":{"rendered":"Programa Erasmus+"},"content":{"rendered":"\n<h3 class=\"wp-block-heading\">Programas para el curso 25\/26<\/h3>\n\n\n\n<p><\/p>\n\n\n\n<div class=\"wp-block-columns is-layout-flex wp-container-core-columns-is-layout-9d6595d7 wp-block-columns-is-layout-flex\">\n<div class=\"wp-block-column is-layout-flow wp-block-column-is-layout-flow\">\n<figure class=\"wp-block-image size-full\"><a href=\"https:\/\/sanmigueladoratrices.com\/nomatriculados\/erasmus-italia\/\"><img loading=\"lazy\" decoding=\"async\" width=\"886\" height=\"354\" src=\"https:\/\/sanmigueladoratrices.com\/nomatriculados\/wp-content\/uploads\/sites\/5\/2023\/10\/ERASMUSITALIA-2.png\" alt=\"\" class=\"wp-image-1516\" srcset=\"https:\/\/sanmigueladoratrices.com\/nomatriculados\/wp-content\/uploads\/sites\/5\/2023\/10\/ERASMUSITALIA-2.png 886w, https:\/\/sanmigueladoratrices.com\/nomatriculados\/wp-content\/uploads\/sites\/5\/2023\/10\/ERASMUSITALIA-2-300x120.png 300w, https:\/\/sanmigueladoratrices.com\/nomatriculados\/wp-content\/uploads\/sites\/5\/2023\/10\/ERASMUSITALIA-2-768x307.png 768w\" sizes=\"auto, (max-width: 886px) 100vw, 886px\" \/><\/a><\/figure>\n<\/div>\n\n\n\n<div class=\"wp-block-column is-layout-flow wp-block-column-is-layout-flow\">\n<figure class=\"wp-block-image size-full\"><a href=\"https:\/\/sanmigueladoratrices.com\/nomatriculados\/erasmus-irlanda\/\"><img loading=\"lazy\" decoding=\"async\" width=\"886\" height=\"354\" src=\"https:\/\/sanmigueladoratrices.com\/nomatriculados\/wp-content\/uploads\/sites\/5\/2023\/10\/ERASMUSIRLANDA-1.png\" alt=\"\" class=\"wp-image-1517\" srcset=\"https:\/\/sanmigueladoratrices.com\/nomatriculados\/wp-content\/uploads\/sites\/5\/2023\/10\/ERASMUSIRLANDA-1.png 886w, https:\/\/sanmigueladoratrices.com\/nomatriculados\/wp-content\/uploads\/sites\/5\/2023\/10\/ERASMUSIRLANDA-1-300x120.png 300w, https:\/\/sanmigueladoratrices.com\/nomatriculados\/wp-content\/uploads\/sites\/5\/2023\/10\/ERASMUSIRLANDA-1-768x307.png 768w\" sizes=\"auto, (max-width: 886px) 100vw, 886px\" \/><\/a><\/figure>\n<\/div>\n<\/div>\n\n\n<div class=\"wp-block-image\">\n<figure class=\"aligncenter size-full is-resized\"><a href=\"https:\/\/sanmigueladoratrices.com\/nomatriculados\/diario-de-un-erasmus\/\"><img loading=\"lazy\" decoding=\"async\" width=\"825\" height=\"138\" src=\"https:\/\/sanmigueladoratrices.com\/nomatriculados\/wp-content\/uploads\/sites\/5\/2024\/05\/Diario-de-un-Erasmus.png\" alt=\"\" class=\"wp-image-2201\" style=\"width:655px;height:auto\" srcset=\"https:\/\/sanmigueladoratrices.com\/nomatriculados\/wp-content\/uploads\/sites\/5\/2024\/05\/Diario-de-un-Erasmus.png 825w, https:\/\/sanmigueladoratrices.com\/nomatriculados\/wp-content\/uploads\/sites\/5\/2024\/05\/Diario-de-un-Erasmus-300x50.png 300w, https:\/\/sanmigueladoratrices.com\/nomatriculados\/wp-content\/uploads\/sites\/5\/2024\/05\/Diario-de-un-Erasmus-768x128.png 768w\" sizes=\"auto, (max-width: 825px) 100vw, 825px\" \/><\/a><\/figure>\n<\/div>\n\n\n<div style=\"height:63px\" aria-hidden=\"true\" class=\"wp-block-spacer\"><\/div>\n\n\n\n<h2 class=\"wp-block-heading\">Programa Erasmus+<\/h2>\n\n\n\n<p>Desde el curso 2019-2020, el Colegio San Miguel Adoratrices ofrece a sus alumnos de <strong>2\u00ba curso de Ciclos Formativos de Grado Medio<\/strong> la posibilidad de realizar estancias en pa\u00edses europeos para completar su <strong>formaci\u00f3n pr\u00e1ctica en centros de trabajo<\/strong>. Estas estancias se realizan en el marco del programa Erasmus+ financiado por la Uni\u00f3n Europea, del que nuestro colegio ha sido receptor en 4 convocatorias durante los \u00faltimos a\u00f1os.<\/p>\n\n\n\n<p>Hasta la fecha, casi 60 de nuestros alumnos han podido beneficiarse de la experiencia enriquecedora que es formarse y trabajar en ciudades europeas como Cracovia (en Polonia), Set\u00fabal (en Portugal) o Barcellona PG (en Italia). En estas estancias de unas 4 semanas de duraci\u00f3n casi todos los gastos de los alumnos est\u00e1n cubiertos por el programa Erasmus+, desde el viaje al alojamiento y manutenci\u00f3n. Adem\u00e1s, nuestro colegio trabaja con empresas especializadas en la gesti\u00f3n de estancias en el extranjero para estudiantes que se encargan de preparar a los alumnos para la estancia, tanto a nivel ling\u00fc\u00edstico como del conocimiento cultural del pa\u00eds que visiten.<\/p>\n\n\n\n<p>Junto con estas estancias destinadas al desarrollo formativo y personal de los alumnos, nuestro colegio tambi\u00e9n participa en otras acciones de movilidad para profesores; bien con visitas breves de profesores del colegio a alg\u00fan centro educativo europeo o bien hospedando a docentes de otros pa\u00edses durante estancias cortas en Sevilla. El objetivo de estas visitas es conocer y aprender nuevas metodolog\u00edas educativas en el \u00e1mbito de la ense\u00f1anza de la Formaci\u00f3n Profesional e ir creando una red profesional a nivel europeo.<\/p>\n\n\n\n<p>En este curso, volvemos a ofrecer las estancias Erasmus+ de <strong>4 semanas<\/strong> para que 10 alumnos de Ciclos Formativos puedan impulsar su formaci\u00f3n en una ciudad europea. Este a\u00f1o en <strong>Avezzano, Italia<\/strong>. Adem\u00e1s, nuestro colegio tambi\u00e9n participa este curso en un programa Erasmus+ junto con otros Colegios Adoratrices organizando estancias m\u00e1s largas (de hasta 3 meses de duraci\u00f3n) en <strong>Irlanda<\/strong> para que los alumnos puedan realizar pr\u00e1cticas en empresa, mejorar su nivel de ingl\u00e9s y ganar confianza y seguridad en s\u00ed mismos.<\/p>\n\n\n\n<p><strong>\u00bfEst\u00e1s listo para esta experiencia europea? \u00a1Ponte en camino con nosotros!<\/strong><\/p>\n\n\n\n<p><\/p>\n\n\n\n<figure class=\"wp-block-gallery has-nested-images columns-default is-cropped wp-block-gallery-1 is-layout-flex wp-block-gallery-is-layout-flex\">\n<figure class=\"wp-block-image size-large\"><a href=\"https:\/\/sanmigueladoratrices.com\/nomatriculados\/wp-content\/uploads\/sites\/5\/2023\/10\/image40.jpg\"><img loading=\"lazy\" decoding=\"async\" width=\"1024\" height=\"768\" data-id=\"1438\" src=\"https:\/\/sanmigueladoratrices.com\/nomatriculados\/wp-content\/uploads\/sites\/5\/2023\/10\/image40-1024x768.jpg\" alt=\"\" class=\"wp-image-1438\" srcset=\"https:\/\/sanmigueladoratrices.com\/nomatriculados\/wp-content\/uploads\/sites\/5\/2023\/10\/image40-1024x768.jpg 1024w, https:\/\/sanmigueladoratrices.com\/nomatriculados\/wp-content\/uploads\/sites\/5\/2023\/10\/image40-300x225.jpg 300w, https:\/\/sanmigueladoratrices.com\/nomatriculados\/wp-content\/uploads\/sites\/5\/2023\/10\/image40-768x576.jpg 768w, https:\/\/sanmigueladoratrices.com\/nomatriculados\/wp-content\/uploads\/sites\/5\/2023\/10\/image40-1536x1152.jpg 1536w, https:\/\/sanmigueladoratrices.com\/nomatriculados\/wp-content\/uploads\/sites\/5\/2023\/10\/image40-800x600.jpg 800w, https:\/\/sanmigueladoratrices.com\/nomatriculados\/wp-content\/uploads\/sites\/5\/2023\/10\/image40-320x240.jpg 320w, https:\/\/sanmigueladoratrices.com\/nomatriculados\/wp-content\/uploads\/sites\/5\/2023\/10\/image40-640x480.jpg 640w, https:\/\/sanmigueladoratrices.com\/nomatriculados\/wp-content\/uploads\/sites\/5\/2023\/10\/image40.jpg 1600w\" sizes=\"auto, (max-width: 1024px) 100vw, 1024px\" \/><\/a><\/figure>\n\n\n\n<figure class=\"wp-block-image size-large is-style-default\"><a href=\"https:\/\/sanmigueladoratrices.com\/nomatriculados\/wp-content\/uploads\/sites\/5\/2023\/10\/image33.jpg\"><img loading=\"lazy\" decoding=\"async\" width=\"1024\" height=\"684\" data-id=\"1437\" src=\"https:\/\/sanmigueladoratrices.com\/nomatriculados\/wp-content\/uploads\/sites\/5\/2023\/10\/image33-1024x684.jpg\" alt=\"\" class=\"wp-image-1437\" srcset=\"https:\/\/sanmigueladoratrices.com\/nomatriculados\/wp-content\/uploads\/sites\/5\/2023\/10\/image33-1024x684.jpg 1024w, https:\/\/sanmigueladoratrices.com\/nomatriculados\/wp-content\/uploads\/sites\/5\/2023\/10\/image33-300x200.jpg 300w, https:\/\/sanmigueladoratrices.com\/nomatriculados\/wp-content\/uploads\/sites\/5\/2023\/10\/image33-768x513.jpg 768w, https:\/\/sanmigueladoratrices.com\/nomatriculados\/wp-content\/uploads\/sites\/5\/2023\/10\/image33.jpg 1040w\" sizes=\"auto, (max-width: 1024px) 100vw, 1024px\" \/><\/a><\/figure>\n\n\n\n<figure class=\"wp-block-image size-large\"><a href=\"https:\/\/sanmigueladoratrices.com\/nomatriculados\/wp-content\/uploads\/sites\/5\/2023\/10\/image35.jpg\"><img loading=\"lazy\" decoding=\"async\" width=\"1024\" height=\"684\" data-id=\"1436\" src=\"https:\/\/sanmigueladoratrices.com\/nomatriculados\/wp-content\/uploads\/sites\/5\/2023\/10\/image35-1024x684.jpg\" alt=\"\" class=\"wp-image-1436\" srcset=\"https:\/\/sanmigueladoratrices.com\/nomatriculados\/wp-content\/uploads\/sites\/5\/2023\/10\/image35-1024x684.jpg 1024w, https:\/\/sanmigueladoratrices.com\/nomatriculados\/wp-content\/uploads\/sites\/5\/2023\/10\/image35-300x200.jpg 300w, https:\/\/sanmigueladoratrices.com\/nomatriculados\/wp-content\/uploads\/sites\/5\/2023\/10\/image35-768x513.jpg 768w, https:\/\/sanmigueladoratrices.com\/nomatriculados\/wp-content\/uploads\/sites\/5\/2023\/10\/image35.jpg 1040w\" sizes=\"auto, (max-width: 1024px) 100vw, 1024px\" \/><\/a><\/figure>\n<\/figure>\n\n\n\n<div style=\"height:100px\" aria-hidden=\"true\" class=\"wp-block-spacer\"><\/div>\n\n\n\n<div class=\"wp-block-columns is-layout-flex wp-container-core-columns-is-layout-9d6595d7 wp-block-columns-is-layout-flex\">\n<div class=\"wp-block-column is-layout-flow wp-block-column-is-layout-flow\"><div class=\"wp-block-image\">\n<figure class=\"aligncenter size-full\"><a href=\"https:\/\/sanmigueladoratrices.com\/nomatriculados\/wp-content\/uploads\/sites\/5\/2024\/09\/SEPIE_erasmus_plus.gif\"><img loading=\"lazy\" decoding=\"async\" width=\"400\" height=\"148\" src=\"https:\/\/sanmigueladoratrices.com\/nomatriculados\/wp-content\/uploads\/sites\/5\/2024\/09\/SEPIE_erasmus_plus.gif\" alt=\"\" class=\"wp-image-2352\"\/><\/a><\/figure>\n<\/div><\/div>\n\n\n\n<div class=\"wp-block-column is-layout-flow wp-block-column-is-layout-flow\"><div class=\"wp-block-image\">\n<figure class=\"aligncenter size-full is-resized\"><a href=\"https:\/\/sanmigueladoratrices.com\/nomatriculados\/wp-content\/uploads\/sites\/5\/2024\/09\/es_v_cofinanciado_por_la_union_europea_pos.png\"><img loading=\"lazy\" decoding=\"async\" width=\"910\" height=\"922\" src=\"https:\/\/sanmigueladoratrices.com\/nomatriculados\/wp-content\/uploads\/sites\/5\/2024\/09\/es_v_cofinanciado_por_la_union_europea_pos.png\" alt=\"\" class=\"wp-image-2355\" style=\"width:225px;height:auto\" srcset=\"https:\/\/sanmigueladoratrices.com\/nomatriculados\/wp-content\/uploads\/sites\/5\/2024\/09\/es_v_cofinanciado_por_la_union_europea_pos.png 910w, https:\/\/sanmigueladoratrices.com\/nomatriculados\/wp-content\/uploads\/sites\/5\/2024\/09\/es_v_cofinanciado_por_la_union_europea_pos-296x300.png 296w, https:\/\/sanmigueladoratrices.com\/nomatriculados\/wp-content\/uploads\/sites\/5\/2024\/09\/es_v_cofinanciado_por_la_union_europea_pos-768x778.png 768w, https:\/\/sanmigueladoratrices.com\/nomatriculados\/wp-content\/uploads\/sites\/5\/2024\/09\/es_v_cofinanciado_por_la_union_europea_pos-50x50.png 50w, https:\/\/sanmigueladoratrices.com\/nomatriculados\/wp-content\/uploads\/sites\/5\/2024\/09\/es_v_cofinanciado_por_la_union_europea_pos-80x80.png 80w, https:\/\/sanmigueladoratrices.com\/nomatriculados\/wp-content\/uploads\/sites\/5\/2024\/09\/es_v_cofinanciado_por_la_union_europea_pos-75x75.png 75w\" sizes=\"auto, (max-width: 910px) 100vw, 910px\" \/><\/a><\/figure>\n<\/div><\/div>\n\n\n\n<div class=\"wp-block-column is-layout-flow wp-block-column-is-layout-flow\"><div class=\"wp-block-image\">\n<figure class=\"aligncenter size-large\"><a href=\"https:\/\/sanmigueladoratrices.com\/nomatriculados\/wp-content\/uploads\/sites\/5\/2024\/09\/izquierda_ES.png\"><img loading=\"lazy\" decoding=\"async\" width=\"1024\" height=\"576\" src=\"https:\/\/sanmigueladoratrices.com\/nomatriculados\/wp-content\/uploads\/sites\/5\/2024\/09\/izquierda_ES-1024x576.png\" alt=\"\" class=\"wp-image-2354\" srcset=\"https:\/\/sanmigueladoratrices.com\/nomatriculados\/wp-content\/uploads\/sites\/5\/2024\/09\/izquierda_ES-1024x576.png 1024w, https:\/\/sanmigueladoratrices.com\/nomatriculados\/wp-content\/uploads\/sites\/5\/2024\/09\/izquierda_ES-300x169.png 300w, https:\/\/sanmigueladoratrices.com\/nomatriculados\/wp-content\/uploads\/sites\/5\/2024\/09\/izquierda_ES-768x432.png 768w, https:\/\/sanmigueladoratrices.com\/nomatriculados\/wp-content\/uploads\/sites\/5\/2024\/09\/izquierda_ES-1536x864.png 1536w, https:\/\/sanmigueladoratrices.com\/nomatriculados\/wp-content\/uploads\/sites\/5\/2024\/09\/izquierda_ES.png 1920w\" sizes=\"auto, (max-width: 1024px) 100vw, 1024px\" \/><\/a><\/figure>\n<\/div><\/div>\n<\/div>\n\n\n\n<p><\/p>\n","protected":false},"excerpt":{"rendered":"<p>Programas para el curso 25\/26 Programa Erasmus+ Desde el curso 2019-2020, el Colegio San Miguel Adoratrices ofrece a sus alumnos de 2\u00ba curso de Ciclos Formativos de Grado Medio la posibilidad de realizar estancias en pa\u00edses europeos para completar su formaci\u00f3n pr\u00e1ctica en centros de trabajo. Estas estancias se realizan en el marco del programa [&hellip;]<\/p>\n","protected":false},"author":1,"featured_media":0,"parent":0,"menu_order":35,"comment_status":"closed","ping_status":"closed","template":"","meta":{"footnotes":""},"class_list":["post-1428","page","type-page","status-publish","hentry"],"_links":{"self":[{"href":"https:\/\/sanmigueladoratrices.com\/nomatriculados\/wp-json\/wp\/v2\/pages\/1428","targetHints":{"allow":["GET"]}}],"collection":[{"href":"https:\/\/sanmigueladoratrices.com\/nomatriculados\/wp-json\/wp\/v2\/pages"}],"about":[{"href":"https:\/\/sanmigueladoratrices.com\/nomatriculados\/wp-json\/wp\/v2\/types\/page"}],"author":[{"embeddable":true,"href":"https:\/\/sanmigueladoratrices.com\/nomatriculados\/wp-json\/wp\/v2\/users\/1"}],"replies":[{"embeddable":true,"href":"https:\/\/sanmigueladoratrices.com\/nomatriculados\/wp-json\/wp\/v2\/comments?post=1428"}],"version-history":[{"count":20,"href":"https:\/\/sanmigueladoratrices.com\/nomatriculados\/wp-json\/wp\/v2\/pages\/1428\/revisions"}],"predecessor-version":[{"id":2638,"href":"https:\/\/sanmigueladoratrices.com\/nomatriculados\/wp-json\/wp\/v2\/pages\/1428\/revisions\/2638"}],"wp:attachment":[{"href":"https:\/\/sanmigueladoratrices.com\/nomatriculados\/wp-json\/wp\/v2\/media?parent=1428"}],"curies":[{"name":"wp","href":"https:\/\/api.w.org\/{rel}","templated":true}]}}