{"id":1520,"date":"2023-10-31T13:42:46","date_gmt":"2023-10-31T12:42:46","guid":{"rendered":"https:\/\/sanmigueladoratrices.com\/nomatriculados\/?page_id=1520"},"modified":"2025-01-08T13:18:38","modified_gmt":"2025-01-08T12:18:38","slug":"erasmus-italia","status":"publish","type":"page","link":"https:\/\/sanmigueladoratrices.com\/nomatriculados\/erasmus-italia\/","title":{"rendered":"Erasmus+ Italia"},"content":{"rendered":"<div class=\"wp-block-image\">\n<figure class=\"aligncenter size-full is-resized\"><img loading=\"lazy\" decoding=\"async\" width=\"886\" height=\"354\" src=\"https:\/\/sanmigueladoratrices.com\/nomatriculados\/wp-content\/uploads\/sites\/5\/2023\/10\/ERASMUSITALIA-3.png\" alt=\"\" class=\"wp-image-1523\" style=\"aspect-ratio:2.5028248587570623;width:384px;height:auto\" srcset=\"https:\/\/sanmigueladoratrices.com\/nomatriculados\/wp-content\/uploads\/sites\/5\/2023\/10\/ERASMUSITALIA-3.png 886w, https:\/\/sanmigueladoratrices.com\/nomatriculados\/wp-content\/uploads\/sites\/5\/2023\/10\/ERASMUSITALIA-3-300x120.png 300w, https:\/\/sanmigueladoratrices.com\/nomatriculados\/wp-content\/uploads\/sites\/5\/2023\/10\/ERASMUSITALIA-3-768x307.png 768w\" sizes=\"auto, (max-width: 886px) 100vw, 886px\" \/><\/figure>\n<\/div>\n\n\n<p><a href=\"https:\/\/sanmigueladoratrices.com\/nomatriculados\/erasmus-italia\/\" target=\"_blank\" rel=\"noreferrer noopener\"><\/a><\/p>\n\n\n\n<p>Al igual que en cursos anteriores, el Colegio ofrece a sus alumnos de Ciclos Formativos de Grado Medio, la posibilidad de participar en estancias de unas <strong>4 semanas<\/strong> en un pa\u00eds europeo para realizar parte de sus pr\u00e1cticas de empresa y as\u00ed completar su m\u00f3dulo de <strong>Formaci\u00f3n en Centros de Trabajo<\/strong>. Para este <strong>curso 2024\/25<\/strong>, estas estancias se realizar\u00e1n en la <strong>ciudad italiana de Avezzano<\/strong>, situada en la regi\u00f3n de Los Abruzos. <\/p>\n\n\n\n<p>A continuaci\u00f3n, se puede acceder a m\u00e1s informaci\u00f3n sobre este programa de estancias de 4 semanas y tambi\u00e9n a los documentos oficiales que se vayan publicando.<\/p>\n\n\n\n<p><\/p>\n\n\n\n<p><strong>INFORMACI\u00d3N:<\/strong><\/p>\n\n\n\n<div class=\"wp-block-buttons is-layout-flex wp-block-buttons-is-layout-flex\">\n<div class=\"wp-block-button\"><a class=\"wp-block-button__link wp-element-button\" href=\"https:\/\/sanmigueladoratrices.com\/nomatriculados\/wp-content\/uploads\/sites\/5\/2024\/10\/Informacion-Erasmus-Italia-24-25.pdf\" target=\"_blank\" rel=\"noreferrer noopener\">Erasmus+ Italia<\/a><\/div>\n\n\n\n<div class=\"wp-block-button\"><a class=\"wp-block-button__link wp-element-button\" href=\"https:\/\/sanmigueladoratrices.com\/nomatriculados\/wp-content\/uploads\/sites\/5\/2024\/10\/Convocatoria-Erasmus-24_25-Estudiantes.pdf\" target=\"_blank\" rel=\"noreferrer noopener\">Convocatoria<\/a><\/div>\n\n\n\n<div class=\"wp-block-button\"><a class=\"wp-block-button__link wp-element-button\" href=\"https:\/\/sanmigueladoratrices.com\/nomatriculados\/wp-content\/uploads\/sites\/5\/2024\/10\/Formulario-de-Inscripcion-Erasmus-ITALIA-24_25-1.pdf\" target=\"_blank\" rel=\"noreferrer noopener\">Formulario de Inscripci\u00f3n<\/a><\/div>\n\n\n\n<div class=\"wp-block-button\"><a class=\"wp-block-button__link wp-element-button\" href=\"https:\/\/sanmigueladoratrices.com\/nomatriculados\/wp-content\/uploads\/sites\/5\/2025\/01\/Listado-definitivo-seleccionados-Erasmus-Italia-2425.pdf\" target=\"_blank\" rel=\"noreferrer noopener\">Alumnos Seleccionados<\/a><\/div>\n<\/div>\n","protected":false},"excerpt":{"rendered":"<p>Al igual que en cursos anteriores, el Colegio ofrece a sus alumnos de Ciclos Formativos de Grado Medio, la posibilidad de participar en estancias de unas 4 semanas en un pa\u00eds europeo para realizar parte de sus pr\u00e1cticas de empresa y as\u00ed completar su m\u00f3dulo de Formaci\u00f3n en Centros de Trabajo. Para este curso 2024\/25, [&hellip;]<\/p>\n","protected":false},"author":1,"featured_media":0,"parent":0,"menu_order":32,"comment_status":"closed","ping_status":"closed","template":"","meta":{"footnotes":""},"class_list":["post-1520","page","type-page","status-publish","hentry"],"_links":{"self":[{"href":"https:\/\/sanmigueladoratrices.com\/nomatriculados\/wp-json\/wp\/v2\/pages\/1520","targetHints":{"allow":["GET"]}}],"collection":[{"href":"https:\/\/sanmigueladoratrices.com\/nomatriculados\/wp-json\/wp\/v2\/pages"}],"about":[{"href":"https:\/\/sanmigueladoratrices.com\/nomatriculados\/wp-json\/wp\/v2\/types\/page"}],"author":[{"embeddable":true,"href":"https:\/\/sanmigueladoratrices.com\/nomatriculados\/wp-json\/wp\/v2\/users\/1"}],"replies":[{"embeddable":true,"href":"https:\/\/sanmigueladoratrices.com\/nomatriculados\/wp-json\/wp\/v2\/comments?post=1520"}],"version-history":[{"count":12,"href":"https:\/\/sanmigueladoratrices.com\/nomatriculados\/wp-json\/wp\/v2\/pages\/1520\/revisions"}],"predecessor-version":[{"id":2399,"href":"https:\/\/sanmigueladoratrices.com\/nomatriculados\/wp-json\/wp\/v2\/pages\/1520\/revisions\/2399"}],"wp:attachment":[{"href":"https:\/\/sanmigueladoratrices.com\/nomatriculados\/wp-json\/wp\/v2\/media?parent=1520"}],"curies":[{"name":"wp","href":"https:\/\/api.w.org\/{rel}","templated":true}]}}