{"id":1525,"date":"2023-10-31T13:49:25","date_gmt":"2023-10-31T12:49:25","guid":{"rendered":"https:\/\/sanmigueladoratrices.com\/nomatriculados\/?page_id=1525"},"modified":"2024-10-25T13:19:32","modified_gmt":"2024-10-25T11:19:32","slug":"erasmus-irlanda","status":"publish","type":"page","link":"https:\/\/sanmigueladoratrices.com\/nomatriculados\/erasmus-irlanda\/","title":{"rendered":"Erasmus+ Irlanda"},"content":{"rendered":"<div class=\"wp-block-image\">\n<figure class=\"aligncenter size-full is-resized\"><img loading=\"lazy\" decoding=\"async\" width=\"886\" height=\"354\" src=\"https:\/\/sanmigueladoratrices.com\/nomatriculados\/wp-content\/uploads\/sites\/5\/2023\/10\/ERASMUSIRLANDA-2.png\" alt=\"\" class=\"wp-image-1526\" style=\"aspect-ratio:2.5028248587570623;width:379px;height:auto\" srcset=\"https:\/\/sanmigueladoratrices.com\/nomatriculados\/wp-content\/uploads\/sites\/5\/2023\/10\/ERASMUSIRLANDA-2.png 886w, https:\/\/sanmigueladoratrices.com\/nomatriculados\/wp-content\/uploads\/sites\/5\/2023\/10\/ERASMUSIRLANDA-2-300x120.png 300w, https:\/\/sanmigueladoratrices.com\/nomatriculados\/wp-content\/uploads\/sites\/5\/2023\/10\/ERASMUSIRLANDA-2-768x307.png 768w\" sizes=\"auto, (max-width: 886px) 100vw, 886px\" \/><\/figure>\n<\/div>\n\n\n<p><\/p>\n\n\n\n<p>Adem\u00e1s de las estancias de 4 semanas en Italia, nuestro Colegio participa junto con otros Colegios Adoratrices en un consorcio que organiza estancias en <strong>Irlanda<\/strong> durante <strong>3 meses<\/strong> para que alumnos de Ciclos Formativos de Grado Medio puedan realizar la <strong>totalidad de sus pr\u00e1cticas de empresa<\/strong> (m\u00f3dulo de Formaci\u00f3n en Centros de Trabajo) en este pa\u00eds europeo. En caso de que no se cubran las plazas que se ofertan, la participaci\u00f3n en estas estancias tambi\u00e9n se ofrecer\u00e1 a antiguos alumnos de CFGM de nuestro centro que hayan obtenido su titulaci\u00f3n en el curso 2023\/24. A continuaci\u00f3n, se puede acceder a m\u00e1s informaci\u00f3n sobre este programa de estancias de 3 meses en Irlanda y tambi\u00e9n a los documentos oficiales que se vayan publicando.<\/p>\n\n\n\n<p><\/p>\n\n\n\n<p><strong>INFORMACI\u00d3N:<\/strong><\/p>\n\n\n\n<div class=\"wp-block-buttons is-layout-flex wp-block-buttons-is-layout-flex\">\n<div class=\"wp-block-button\"><a class=\"wp-block-button__link wp-element-button\" href=\"https:\/\/sanmigueladoratrices.com\/nomatriculados\/wp-content\/uploads\/sites\/5\/2024\/10\/Informacion-Erasmus-Irlanda-24-25.pdf\" target=\"_blank\" rel=\"noreferrer noopener\">Erasmus+ Irlanda<\/a><\/div>\n\n\n\n<div class=\"wp-block-button\"><a class=\"wp-block-button__link wp-element-button\" href=\"https:\/\/sanmigueladoratrices.com\/nomatriculados\/wp-content\/uploads\/sites\/5\/2024\/10\/Solicitud-de-Participacion-Erasmus-IRLANDA-24_25-1.pdf\" target=\"_blank\" rel=\"noreferrer noopener\">Formulario de Inscripci\u00f3n<\/a><\/div>\n<\/div>\n\n\n\n<div style=\"height:69px\" aria-hidden=\"true\" class=\"wp-block-spacer\"><\/div>\n\n\n\n<div class=\"wp-block-columns is-layout-flex wp-container-core-columns-is-layout-9d6595d7 wp-block-columns-is-layout-flex\">\n<div class=\"wp-block-column is-layout-flow wp-block-column-is-layout-flow\"><div class=\"wp-block-image\">\n<figure class=\"alignright size-large is-resized\"><a href=\"https:\/\/sanmigueladoratrices.com\/nomatriculados\/wp-content\/uploads\/sites\/5\/2024\/05\/logo-erasmus-jorbalan.jpg\"><img loading=\"lazy\" decoding=\"async\" width=\"1024\" height=\"377\" src=\"https:\/\/sanmigueladoratrices.com\/nomatriculados\/wp-content\/uploads\/sites\/5\/2024\/05\/logo-erasmus-jorbalan-1024x377.jpg\" alt=\"\" class=\"wp-image-2195\" style=\"width:264px;height:auto\" srcset=\"https:\/\/sanmigueladoratrices.com\/nomatriculados\/wp-content\/uploads\/sites\/5\/2024\/05\/logo-erasmus-jorbalan-1024x377.jpg 1024w, https:\/\/sanmigueladoratrices.com\/nomatriculados\/wp-content\/uploads\/sites\/5\/2024\/05\/logo-erasmus-jorbalan-300x110.jpg 300w, https:\/\/sanmigueladoratrices.com\/nomatriculados\/wp-content\/uploads\/sites\/5\/2024\/05\/logo-erasmus-jorbalan-768x283.jpg 768w, https:\/\/sanmigueladoratrices.com\/nomatriculados\/wp-content\/uploads\/sites\/5\/2024\/05\/logo-erasmus-jorbalan-1536x565.jpg 1536w, https:\/\/sanmigueladoratrices.com\/nomatriculados\/wp-content\/uploads\/sites\/5\/2024\/05\/logo-erasmus-jorbalan.jpg 1600w\" sizes=\"auto, (max-width: 1024px) 100vw, 1024px\" \/><\/a><\/figure>\n<\/div><\/div>\n\n\n\n<div class=\"wp-block-column is-layout-flow wp-block-column-is-layout-flow\"><div class=\"wp-block-image\">\n<figure class=\"alignleft size-large is-resized\"><a href=\"https:\/\/sanmigueladoratrices.com\/nomatriculados\/wp-content\/uploads\/sites\/5\/2024\/05\/programa-erasmus-.png\"><img loading=\"lazy\" decoding=\"async\" width=\"1024\" height=\"249\" src=\"https:\/\/sanmigueladoratrices.com\/nomatriculados\/wp-content\/uploads\/sites\/5\/2024\/05\/programa-erasmus--1024x249.png\" alt=\"\" class=\"wp-image-2196\" style=\"width:310px;height:auto\" srcset=\"https:\/\/sanmigueladoratrices.com\/nomatriculados\/wp-content\/uploads\/sites\/5\/2024\/05\/programa-erasmus--1024x249.png 1024w, https:\/\/sanmigueladoratrices.com\/nomatriculados\/wp-content\/uploads\/sites\/5\/2024\/05\/programa-erasmus--300x73.png 300w, https:\/\/sanmigueladoratrices.com\/nomatriculados\/wp-content\/uploads\/sites\/5\/2024\/05\/programa-erasmus--768x187.png 768w, https:\/\/sanmigueladoratrices.com\/nomatriculados\/wp-content\/uploads\/sites\/5\/2024\/05\/programa-erasmus--1536x373.png 1536w, https:\/\/sanmigueladoratrices.com\/nomatriculados\/wp-content\/uploads\/sites\/5\/2024\/05\/programa-erasmus-.png 1659w\" sizes=\"auto, (max-width: 1024px) 100vw, 1024px\" \/><\/a><\/figure>\n<\/div><\/div>\n<\/div>\n","protected":false},"excerpt":{"rendered":"<p>Adem\u00e1s de las estancias de 4 semanas en Italia, nuestro Colegio participa junto con otros Colegios Adoratrices en un consorcio que organiza estancias en Irlanda durante 3 meses para que alumnos de Ciclos Formativos de Grado Medio puedan realizar la totalidad de sus pr\u00e1cticas de empresa (m\u00f3dulo de Formaci\u00f3n en Centros de Trabajo) en este [&hellip;]<\/p>\n","protected":false},"author":1,"featured_media":0,"parent":0,"menu_order":33,"comment_status":"closed","ping_status":"closed","template":"","meta":{"footnotes":""},"class_list":["post-1525","page","type-page","status-publish","hentry"],"_links":{"self":[{"href":"https:\/\/sanmigueladoratrices.com\/nomatriculados\/wp-json\/wp\/v2\/pages\/1525","targetHints":{"allow":["GET"]}}],"collection":[{"href":"https:\/\/sanmigueladoratrices.com\/nomatriculados\/wp-json\/wp\/v2\/pages"}],"about":[{"href":"https:\/\/sanmigueladoratrices.com\/nomatriculados\/wp-json\/wp\/v2\/types\/page"}],"author":[{"embeddable":true,"href":"https:\/\/sanmigueladoratrices.com\/nomatriculados\/wp-json\/wp\/v2\/users\/1"}],"replies":[{"embeddable":true,"href":"https:\/\/sanmigueladoratrices.com\/nomatriculados\/wp-json\/wp\/v2\/comments?post=1525"}],"version-history":[{"count":11,"href":"https:\/\/sanmigueladoratrices.com\/nomatriculados\/wp-json\/wp\/v2\/pages\/1525\/revisions"}],"predecessor-version":[{"id":2369,"href":"https:\/\/sanmigueladoratrices.com\/nomatriculados\/wp-json\/wp\/v2\/pages\/1525\/revisions\/2369"}],"wp:attachment":[{"href":"https:\/\/sanmigueladoratrices.com\/nomatriculados\/wp-json\/wp\/v2\/media?parent=1525"}],"curies":[{"name":"wp","href":"https:\/\/api.w.org\/{rel}","templated":true}]}}