{"id":208,"date":"2016-10-19T00:57:47","date_gmt":"2016-10-18T22:57:47","guid":{"rendered":"https:\/\/colegio-sma-yagox.c9users.io\/nomatriculados\/?page_id=208"},"modified":"2016-10-19T00:57:47","modified_gmt":"2016-10-18T22:57:47","slug":"nuestro-e-mail","status":"publish","type":"page","link":"https:\/\/sanmigueladoratrices.com\/nomatriculados\/nuestro-e-mail\/","title":{"rendered":"Nuestro E-Mail"},"content":{"rendered":"<p>Cada familia contar\u00e1 con un e-mail de contacto con el colegio. Este e-mail ser\u00e1 para manejo de la familia y del alumno de forma indistinta.<\/p>\n<p>Por este canal recibir\u00e1 informaci\u00f3n general del colegio como circulares, e informaciones de tutor\u00eda y de los distintos profesores.<\/p>\n<p>Para activar el correo deben acceder a GMAIL.<\/p>\n<p><strong>USUARIO:<\/strong><\/p>\n<p><strong>nombre del alumno, primer apellido y primera letra del segundo apellido@sanmigueladoratrices.com<\/strong><\/p>\n<p>Todo el nombre del usuario ser\u00e1 en min\u00fascula y junto. Cuando tengamos nombres compuestos se ha utilizado el primer nombre: p.e. maria del Carmen, pues se utiliza maria. Cuando aparezca <strong>\u00f1 <\/strong>tenemos que poner <strong>n<\/strong>. Ante apellidos que lleven del , la, \u2026etc no se ha tenido en cuenta el del, la \u2026.etc<\/p>\n<p><strong>POSIBLES CONTRASE\u00d1AS:<\/strong> curso14-15 \/ curso15-16 \/ curso16-17<\/p>\n<p>( contrase\u00f1as alumnos\/as matriculados)<\/p>\n<p>Una vez accedan tendr\u00e1n que cambiar la contrase\u00f1a obligatoriamente.<\/p>\n<p>Una vez activado el email comenzar\u00e1n a recibir toda la informaci\u00f3n. Si tienen alg\u00fan problema lo pueden notificar al tutor\/a o mediante e-mail: colegio@sanmigueladoratrices.com<\/p>\n<p>En la web del centro tendr\u00e1n acceso a todos los e-mail del profesorado del centro.<\/p>\n<p>Para alumnos\/as nuevos en el centro, la contrase\u00f1a ser\u00e1 como las anteriores pero con el curso en el que se han matriculaci\u00f3n.<\/p>\n","protected":false},"excerpt":{"rendered":"<p>Cada familia contar\u00e1 con un e-mail de contacto con el colegio. Este e-mail ser\u00e1 para manejo de la familia y del alumno de forma indistinta. Por este canal recibir\u00e1 informaci\u00f3n general del colegio como circulares, e informaciones de tutor\u00eda y de los distintos profesores. Para activar el correo deben acceder a GMAIL. USUARIO: nombre del [&hellip;]<\/p>\n","protected":false},"author":1,"featured_media":0,"parent":0,"menu_order":64,"comment_status":"closed","ping_status":"closed","template":"","meta":{"footnotes":""},"class_list":["post-208","page","type-page","status-publish","hentry"],"_links":{"self":[{"href":"https:\/\/sanmigueladoratrices.com\/nomatriculados\/wp-json\/wp\/v2\/pages\/208","targetHints":{"allow":["GET"]}}],"collection":[{"href":"https:\/\/sanmigueladoratrices.com\/nomatriculados\/wp-json\/wp\/v2\/pages"}],"about":[{"href":"https:\/\/sanmigueladoratrices.com\/nomatriculados\/wp-json\/wp\/v2\/types\/page"}],"author":[{"embeddable":true,"href":"https:\/\/sanmigueladoratrices.com\/nomatriculados\/wp-json\/wp\/v2\/users\/1"}],"replies":[{"embeddable":true,"href":"https:\/\/sanmigueladoratrices.com\/nomatriculados\/wp-json\/wp\/v2\/comments?post=208"}],"version-history":[{"count":1,"href":"https:\/\/sanmigueladoratrices.com\/nomatriculados\/wp-json\/wp\/v2\/pages\/208\/revisions"}],"predecessor-version":[{"id":209,"href":"https:\/\/sanmigueladoratrices.com\/nomatriculados\/wp-json\/wp\/v2\/pages\/208\/revisions\/209"}],"wp:attachment":[{"href":"https:\/\/sanmigueladoratrices.com\/nomatriculados\/wp-json\/wp\/v2\/media?parent=208"}],"curies":[{"name":"wp","href":"https:\/\/api.w.org\/{rel}","templated":true}]}}