{"id":2113,"date":"2024-04-29T13:18:18","date_gmt":"2024-04-29T11:18:18","guid":{"rendered":"https:\/\/sanmigueladoratrices.com\/nomatriculados\/?page_id=2113"},"modified":"2024-04-29T13:41:40","modified_gmt":"2024-04-29T11:41:40","slug":"strongoperaciones-de-laboratorio-strong","status":"publish","type":"page","link":"https:\/\/sanmigueladoratrices.com\/nomatriculados\/strongoperaciones-de-laboratorio-strong\/","title":{"rendered":"<strong>Operaciones de Laboratorio<\/strong>"},"content":{"rendered":"<div class=\"wp-block-image\">\n<figure class=\"aligncenter size-large is-resized\"><a href=\"https:\/\/sanmigueladoratrices.com\/nomatriculados\/wp-content\/uploads\/sites\/5\/2023\/06\/Laboratorio.png\"><img loading=\"lazy\" decoding=\"async\" width=\"1024\" height=\"724\" src=\"https:\/\/sanmigueladoratrices.com\/nomatriculados\/wp-content\/uploads\/sites\/5\/2023\/06\/Laboratorio-1024x724.png\" alt=\"\" class=\"wp-image-1314\" style=\"width:474px;height:335px\" srcset=\"https:\/\/sanmigueladoratrices.com\/nomatriculados\/wp-content\/uploads\/sites\/5\/2023\/06\/Laboratorio-1024x724.png 1024w, https:\/\/sanmigueladoratrices.com\/nomatriculados\/wp-content\/uploads\/sites\/5\/2023\/06\/Laboratorio-300x212.png 300w, https:\/\/sanmigueladoratrices.com\/nomatriculados\/wp-content\/uploads\/sites\/5\/2023\/06\/Laboratorio-768x543.png 768w, https:\/\/sanmigueladoratrices.com\/nomatriculados\/wp-content\/uploads\/sites\/5\/2023\/06\/Laboratorio-600x424.png 600w, https:\/\/sanmigueladoratrices.com\/nomatriculados\/wp-content\/uploads\/sites\/5\/2023\/06\/Laboratorio-1536x1086.png 1536w, https:\/\/sanmigueladoratrices.com\/nomatriculados\/wp-content\/uploads\/sites\/5\/2023\/06\/Laboratorio-2048x1448.png 2048w\" sizes=\"auto, (max-width: 1024px) 100vw, 1024px\" \/><\/a><\/figure>\n<\/div>\n\n\n<p><\/p>\n\n\n\n<p>Durante el curso, te sumergir\u00e1s en un plan de estudios completo que abarca una amplia gama de disciplinas cient\u00edficas, desde la qu\u00edmica y la biolog\u00eda hasta la f\u00edsica y la microbiolog\u00eda. Aprender\u00e1s t\u00e9cnicas avanzadas de laboratorio, m\u00e9todos de an\u00e1lisis de muestras y protocolos de seguridad fundamentales para el trabajo en entornos cient\u00edficos.<\/p>\n\n\n\n<p>Nuestro equipo docente altamente cualificado est\u00e1 comprometido a brindarte una educaci\u00f3n de calidad y a guiarte en cada paso del camino. Adem\u00e1s de las clases te\u00f3ricas, tendr\u00e1s la oportunidad de realizar pr\u00e1cticas en laboratorios bien equipados, donde podr\u00e1s aplicar tus conocimientos en situaciones pr\u00e1cticas y adquirir experiencia en el mundo real.<\/p>\n\n\n\n<p>Al completar con \u00e9xito tu formaci\u00f3n, estar\u00e1s preparado para incorporarte al apasionante campo de la investigaci\u00f3n cient\u00edfica y tecnol\u00f3gica, ya sea en laboratorios de an\u00e1lisis qu\u00edmico, centros de investigaci\u00f3n biom\u00e9dica, empresas farmac\u00e9uticas o instituciones acad\u00e9micas.<\/p>\n","protected":false},"excerpt":{"rendered":"<p>Durante el curso, te sumergir\u00e1s en un plan de estudios completo que abarca una amplia gama de disciplinas cient\u00edficas, desde la qu\u00edmica y la biolog\u00eda hasta la f\u00edsica y la microbiolog\u00eda. Aprender\u00e1s t\u00e9cnicas avanzadas de laboratorio, m\u00e9todos de an\u00e1lisis de muestras y protocolos de seguridad fundamentales para el trabajo en entornos cient\u00edficos. Nuestro equipo docente [&hellip;]<\/p>\n","protected":false},"author":1,"featured_media":0,"parent":0,"menu_order":6,"comment_status":"closed","ping_status":"closed","template":"custom-templates\/side-navigation.php","meta":{"footnotes":""},"class_list":["post-2113","page","type-page","status-publish","hentry"],"_links":{"self":[{"href":"https:\/\/sanmigueladoratrices.com\/nomatriculados\/wp-json\/wp\/v2\/pages\/2113","targetHints":{"allow":["GET"]}}],"collection":[{"href":"https:\/\/sanmigueladoratrices.com\/nomatriculados\/wp-json\/wp\/v2\/pages"}],"about":[{"href":"https:\/\/sanmigueladoratrices.com\/nomatriculados\/wp-json\/wp\/v2\/types\/page"}],"author":[{"embeddable":true,"href":"https:\/\/sanmigueladoratrices.com\/nomatriculados\/wp-json\/wp\/v2\/users\/1"}],"replies":[{"embeddable":true,"href":"https:\/\/sanmigueladoratrices.com\/nomatriculados\/wp-json\/wp\/v2\/comments?post=2113"}],"version-history":[{"count":2,"href":"https:\/\/sanmigueladoratrices.com\/nomatriculados\/wp-json\/wp\/v2\/pages\/2113\/revisions"}],"predecessor-version":[{"id":2131,"href":"https:\/\/sanmigueladoratrices.com\/nomatriculados\/wp-json\/wp\/v2\/pages\/2113\/revisions\/2131"}],"wp:attachment":[{"href":"https:\/\/sanmigueladoratrices.com\/nomatriculados\/wp-json\/wp\/v2\/media?parent=2113"}],"curies":[{"name":"wp","href":"https:\/\/api.w.org\/{rel}","templated":true}]}}