{"id":2116,"date":"2024-04-29T13:20:22","date_gmt":"2024-04-29T11:20:22","guid":{"rendered":"https:\/\/sanmigueladoratrices.com\/nomatriculados\/?page_id=2116"},"modified":"2024-04-29T13:40:46","modified_gmt":"2024-04-29T11:40:46","slug":"que-voy-a-aprender","status":"publish","type":"page","link":"https:\/\/sanmigueladoratrices.com\/nomatriculados\/strongoperaciones-de-laboratorio-strong\/que-voy-a-aprender\/","title":{"rendered":"\u00bfQu\u00e9 voy a aprender?"},"content":{"rendered":"<div class=\"wp-block-image\">\n<figure class=\"aligncenter size-large is-resized\"><a href=\"https:\/\/sanmigueladoratrices.com\/nomatriculados\/wp-content\/uploads\/sites\/5\/2023\/06\/Laboratorio.png\"><img loading=\"lazy\" decoding=\"async\" width=\"1024\" height=\"724\" src=\"https:\/\/sanmigueladoratrices.com\/nomatriculados\/wp-content\/uploads\/sites\/5\/2023\/06\/Laboratorio-1024x724.png\" alt=\"\" class=\"wp-image-1314\" style=\"width:474px;height:335px\" srcset=\"https:\/\/sanmigueladoratrices.com\/nomatriculados\/wp-content\/uploads\/sites\/5\/2023\/06\/Laboratorio-1024x724.png 1024w, https:\/\/sanmigueladoratrices.com\/nomatriculados\/wp-content\/uploads\/sites\/5\/2023\/06\/Laboratorio-300x212.png 300w, https:\/\/sanmigueladoratrices.com\/nomatriculados\/wp-content\/uploads\/sites\/5\/2023\/06\/Laboratorio-768x543.png 768w, https:\/\/sanmigueladoratrices.com\/nomatriculados\/wp-content\/uploads\/sites\/5\/2023\/06\/Laboratorio-600x424.png 600w, https:\/\/sanmigueladoratrices.com\/nomatriculados\/wp-content\/uploads\/sites\/5\/2023\/06\/Laboratorio-1536x1086.png 1536w, https:\/\/sanmigueladoratrices.com\/nomatriculados\/wp-content\/uploads\/sites\/5\/2023\/06\/Laboratorio-2048x1448.png 2048w\" sizes=\"auto, (max-width: 1024px) 100vw, 1024px\" \/><\/a><\/figure>\n<\/div>\n\n\n<p><\/p>\n\n\n\n<h4 class=\"wp-block-heading\">\u00bfQu\u00e9 voy a aprender?<\/h4>\n\n\n\n<p>Este profesional estar\u00e1 capacitado para:<\/p>\n\n\n\n<ul class=\"wp-block-list\">\n<li>Montar equipos y poner a punto las instalaciones auxiliares de laboratorio, seleccionando los recursos y medios requeridos y siguiendo procedimientos establecidos.<\/li>\n\n\n\n<li>Iniciar la operaci\u00f3n de los equipos, asegurando su funcionamiento correcto, as\u00ed como el de los servicios auxiliares y la disponibilidad de materiales y productos necesarios, de acuerdo con los procedimientos establecidos.<\/li>\n\n\n\n<li>Preparar mezclas y disoluciones conforme a normas de calidad, prevenci\u00f3n de riesgos y seguridad ambiental.<\/li>\n\n\n\n<li>Realizar tomas de muestras, considerando su naturaleza y prop\u00f3sito, mediante la aplicaci\u00f3n de procedimientos establecidos.<\/li>\n\n\n\n<li>Preparar muestras para an\u00e1lisis, siguiendo procedimientos normalizados y ajust\u00e1ndolas a la t\u00e9cnica requerida.<\/li>\n<\/ul>\n","protected":false},"excerpt":{"rendered":"<p>\u00bfQu\u00e9 voy a aprender? Este profesional estar\u00e1 capacitado para:<\/p>\n","protected":false},"author":1,"featured_media":0,"parent":2113,"menu_order":1,"comment_status":"closed","ping_status":"closed","template":"custom-templates\/side-navigation.php","meta":{"footnotes":""},"class_list":["post-2116","page","type-page","status-publish","hentry"],"_links":{"self":[{"href":"https:\/\/sanmigueladoratrices.com\/nomatriculados\/wp-json\/wp\/v2\/pages\/2116","targetHints":{"allow":["GET"]}}],"collection":[{"href":"https:\/\/sanmigueladoratrices.com\/nomatriculados\/wp-json\/wp\/v2\/pages"}],"about":[{"href":"https:\/\/sanmigueladoratrices.com\/nomatriculados\/wp-json\/wp\/v2\/types\/page"}],"author":[{"embeddable":true,"href":"https:\/\/sanmigueladoratrices.com\/nomatriculados\/wp-json\/wp\/v2\/users\/1"}],"replies":[{"embeddable":true,"href":"https:\/\/sanmigueladoratrices.com\/nomatriculados\/wp-json\/wp\/v2\/comments?post=2116"}],"version-history":[{"count":2,"href":"https:\/\/sanmigueladoratrices.com\/nomatriculados\/wp-json\/wp\/v2\/pages\/2116\/revisions"}],"predecessor-version":[{"id":2130,"href":"https:\/\/sanmigueladoratrices.com\/nomatriculados\/wp-json\/wp\/v2\/pages\/2116\/revisions\/2130"}],"up":[{"embeddable":true,"href":"https:\/\/sanmigueladoratrices.com\/nomatriculados\/wp-json\/wp\/v2\/pages\/2113"}],"wp:attachment":[{"href":"https:\/\/sanmigueladoratrices.com\/nomatriculados\/wp-json\/wp\/v2\/media?parent=2116"}],"curies":[{"name":"wp","href":"https:\/\/api.w.org\/{rel}","templated":true}]}}