{"id":2119,"date":"2024-04-29T13:26:35","date_gmt":"2024-04-29T11:26:35","guid":{"rendered":"https:\/\/sanmigueladoratrices.com\/nomatriculados\/?page_id=2119"},"modified":"2024-04-29T13:37:14","modified_gmt":"2024-04-29T11:37:14","slug":"donde-puedo-trabajar","status":"publish","type":"page","link":"https:\/\/sanmigueladoratrices.com\/nomatriculados\/strongoperaciones-de-laboratorio-strong\/donde-puedo-trabajar\/","title":{"rendered":"\u00bfD\u00f3nde puedo trabajar?"},"content":{"rendered":"<div class=\"wp-block-image\">\n<figure class=\"aligncenter size-large is-resized\"><a href=\"https:\/\/sanmigueladoratrices.com\/nomatriculados\/wp-content\/uploads\/sites\/5\/2023\/06\/Laboratorio.png\"><img loading=\"lazy\" decoding=\"async\" width=\"1024\" height=\"724\" src=\"https:\/\/sanmigueladoratrices.com\/nomatriculados\/wp-content\/uploads\/sites\/5\/2023\/06\/Laboratorio-1024x724.png\" alt=\"\" class=\"wp-image-1314\" style=\"width:474px;height:335px\" srcset=\"https:\/\/sanmigueladoratrices.com\/nomatriculados\/wp-content\/uploads\/sites\/5\/2023\/06\/Laboratorio-1024x724.png 1024w, https:\/\/sanmigueladoratrices.com\/nomatriculados\/wp-content\/uploads\/sites\/5\/2023\/06\/Laboratorio-300x212.png 300w, https:\/\/sanmigueladoratrices.com\/nomatriculados\/wp-content\/uploads\/sites\/5\/2023\/06\/Laboratorio-768x543.png 768w, https:\/\/sanmigueladoratrices.com\/nomatriculados\/wp-content\/uploads\/sites\/5\/2023\/06\/Laboratorio-600x424.png 600w, https:\/\/sanmigueladoratrices.com\/nomatriculados\/wp-content\/uploads\/sites\/5\/2023\/06\/Laboratorio-1536x1086.png 1536w, https:\/\/sanmigueladoratrices.com\/nomatriculados\/wp-content\/uploads\/sites\/5\/2023\/06\/Laboratorio-2048x1448.png 2048w\" sizes=\"auto, (max-width: 1024px) 100vw, 1024px\" \/><\/a><\/figure>\n<\/div>\n\n\n<p><\/p>\n\n\n\n<h4 class=\"wp-block-heading\">\u00bfD\u00f3nde puedo trabajar?<\/h4>\n\n\n\n<ul class=\"wp-block-list\">\n<li><strong>Auxiliar, operador\/a o t\u00e9cnico\/a de laboratorios<\/strong> en diversas \u00e1reas como qu\u00edmica, industria qu\u00edmica, industrias alimentarias, ambiental, farmac\u00e9utica, control de calidad y materias primas, centros de investigaci\u00f3n y otros muchos campos.<\/li>\n<\/ul>\n\n\n\n<ul class=\"wp-block-list\">\n<li><strong>Operador\/a de mantenimiento<\/strong> de servicios auxiliares, equipamiento y almac\u00e9n.<\/li>\n<\/ul>\n\n\n\n<ul class=\"wp-block-list\">\n<li><strong>Muestreador\/a <\/strong>y realizaci\u00f3n de ensayos de campo.<\/li>\n<\/ul>\n","protected":false},"excerpt":{"rendered":"<p>\u00bfD\u00f3nde puedo trabajar?<\/p>\n","protected":false},"author":1,"featured_media":0,"parent":2113,"menu_order":41,"comment_status":"closed","ping_status":"closed","template":"custom-templates\/side-navigation.php","meta":{"footnotes":""},"class_list":["post-2119","page","type-page","status-publish","hentry"],"_links":{"self":[{"href":"https:\/\/sanmigueladoratrices.com\/nomatriculados\/wp-json\/wp\/v2\/pages\/2119","targetHints":{"allow":["GET"]}}],"collection":[{"href":"https:\/\/sanmigueladoratrices.com\/nomatriculados\/wp-json\/wp\/v2\/pages"}],"about":[{"href":"https:\/\/sanmigueladoratrices.com\/nomatriculados\/wp-json\/wp\/v2\/types\/page"}],"author":[{"embeddable":true,"href":"https:\/\/sanmigueladoratrices.com\/nomatriculados\/wp-json\/wp\/v2\/users\/1"}],"replies":[{"embeddable":true,"href":"https:\/\/sanmigueladoratrices.com\/nomatriculados\/wp-json\/wp\/v2\/comments?post=2119"}],"version-history":[{"count":1,"href":"https:\/\/sanmigueladoratrices.com\/nomatriculados\/wp-json\/wp\/v2\/pages\/2119\/revisions"}],"predecessor-version":[{"id":2125,"href":"https:\/\/sanmigueladoratrices.com\/nomatriculados\/wp-json\/wp\/v2\/pages\/2119\/revisions\/2125"}],"up":[{"embeddable":true,"href":"https:\/\/sanmigueladoratrices.com\/nomatriculados\/wp-json\/wp\/v2\/pages\/2113"}],"wp:attachment":[{"href":"https:\/\/sanmigueladoratrices.com\/nomatriculados\/wp-json\/wp\/v2\/media?parent=2119"}],"curies":[{"name":"wp","href":"https:\/\/api.w.org\/{rel}","templated":true}]}}