{"id":2126,"date":"2024-04-29T13:36:03","date_gmt":"2024-04-29T11:36:03","guid":{"rendered":"https:\/\/sanmigueladoratrices.com\/nomatriculados\/?page_id=2126"},"modified":"2024-05-07T16:56:42","modified_gmt":"2024-05-07T14:56:42","slug":"modulos-profesionales","status":"publish","type":"page","link":"https:\/\/sanmigueladoratrices.com\/nomatriculados\/strongoperaciones-de-laboratorio-strong\/modulos-profesionales\/","title":{"rendered":"M\u00f3dulos profesionales"},"content":{"rendered":"<div class=\"wp-block-image\">\n<figure class=\"aligncenter size-large is-resized\"><a href=\"https:\/\/sanmigueladoratrices.com\/nomatriculados\/wp-content\/uploads\/sites\/5\/2023\/06\/Laboratorio.png\"><img loading=\"lazy\" decoding=\"async\" width=\"1024\" height=\"724\" src=\"https:\/\/sanmigueladoratrices.com\/nomatriculados\/wp-content\/uploads\/sites\/5\/2023\/06\/Laboratorio-1024x724.png\" alt=\"\" class=\"wp-image-1314\" style=\"width:474px;height:335px\" srcset=\"https:\/\/sanmigueladoratrices.com\/nomatriculados\/wp-content\/uploads\/sites\/5\/2023\/06\/Laboratorio-1024x724.png 1024w, https:\/\/sanmigueladoratrices.com\/nomatriculados\/wp-content\/uploads\/sites\/5\/2023\/06\/Laboratorio-300x212.png 300w, https:\/\/sanmigueladoratrices.com\/nomatriculados\/wp-content\/uploads\/sites\/5\/2023\/06\/Laboratorio-768x543.png 768w, https:\/\/sanmigueladoratrices.com\/nomatriculados\/wp-content\/uploads\/sites\/5\/2023\/06\/Laboratorio-600x424.png 600w, https:\/\/sanmigueladoratrices.com\/nomatriculados\/wp-content\/uploads\/sites\/5\/2023\/06\/Laboratorio-1536x1086.png 1536w, https:\/\/sanmigueladoratrices.com\/nomatriculados\/wp-content\/uploads\/sites\/5\/2023\/06\/Laboratorio-2048x1448.png 2048w\" sizes=\"auto, (max-width: 1024px) 100vw, 1024px\" \/><\/a><\/figure>\n<\/div>\n\n\n<h4 class=\"wp-block-heading\"><\/h4>\n\n\n\n<div style=\"height:44px\" aria-hidden=\"true\" class=\"wp-block-spacer\"><\/div>\n\n\n\n<p class=\"has-text-align-center\"><strong>M\u00f3dulos del primer a\u00f1o<\/strong><\/p>\n\n\n\n<figure class=\"wp-block-table is-style-stripes\"><table><tbody><tr><td class=\"has-text-align-center\" data-align=\"center\"><strong>M\u00f3dulos<\/strong><\/td><td class=\"has-text-align-center\" data-align=\"center\"><strong>Horas semanales<\/strong><\/td><\/tr><tr><td class=\"has-text-align-center\" data-align=\"center\">T\u00e9cnicas B\u00e1sicas de Microbiolog\u00eda y Bioqu\u00edmica<\/td><td class=\"has-text-align-center\" data-align=\"center\">5 horas<\/td><\/tr><tr><td class=\"has-text-align-center\" data-align=\"center\">Qu\u00edmica Aplicada<\/td><td class=\"has-text-align-center\" data-align=\"center\">9 horas<\/td><\/tr><tr><td class=\"has-text-align-center\" data-align=\"center\">Muestreo y Operaciones Unitarias de Laboratorio<\/td><td class=\"has-text-align-center\" data-align=\"center\">6 horas<\/td><\/tr><tr><td class=\"has-text-align-center\" data-align=\"center\">Servicios Auxiliares en el Laboratorio<\/td><td class=\"has-text-align-center\" data-align=\"center\">2 horas<\/td><\/tr><tr><td class=\"has-text-align-center\" data-align=\"center\">Seguridad y Organizaci\u00f3n en el Laboratorio<\/td><td class=\"has-text-align-center\" data-align=\"center\">3 horas<\/td><\/tr><tr><td class=\"has-text-align-center\" data-align=\"center\">Itinerario Personal para la Empleabilidad I<\/td><td class=\"has-text-align-center\" data-align=\"center\">3 horas<\/td><\/tr><tr><td class=\"has-text-align-center\" data-align=\"center\">Almacenamiento y Distribuci\u00f3n en el Laboratorio<\/td><td class=\"has-text-align-center\" data-align=\"center\">2 horas<\/td><\/tr><\/tbody><\/table><\/figure>\n\n\n\n<p class=\"has-text-align-center\"><strong>M\u00f3dulos del segundo a\u00f1o<\/strong><\/p>\n\n\n\n<figure class=\"wp-block-table is-style-stripes\"><table><tbody><tr><td class=\"has-text-align-center\" data-align=\"center\"><strong>M\u00f3dulos<\/strong><\/td><td class=\"has-text-align-center\" data-align=\"center\"><strong>Horas semanales<\/strong><\/td><\/tr><tr><td class=\"has-text-align-center\" data-align=\"center\">Principios de Mantenimiento Electromec\u00e1nico<\/td><td class=\"has-text-align-center\" data-align=\"center\">3 horas<\/td><\/tr><tr><td class=\"has-text-align-center\" data-align=\"center\">Pruebas Fisicoqu\u00edmicas<\/td><td class=\"has-text-align-center\" data-align=\"center\">7 horas<\/td><\/tr><tr><td class=\"has-text-align-center\" data-align=\"center\">Operaciones de An\u00e1lisis Qu\u00edmico<\/td><td class=\"has-text-align-center\" data-align=\"center\">9 horas<\/td><\/tr><tr><td class=\"has-text-align-center\" data-align=\"center\">Ensayos de Materiales<\/td><td class=\"has-text-align-center\" data-align=\"center\">4 horas<\/td><\/tr><tr><td class=\"has-text-align-center\" data-align=\"center\">Empresa e Iniciativa Emprendedora<\/td><td class=\"has-text-align-center\" data-align=\"center\">4 horas<\/td><\/tr><tr><td class=\"has-text-align-center\" data-align=\"center\">Ingl\u00e9s Profesional<\/td><td class=\"has-text-align-center\" data-align=\"center\">3 horas<\/td><\/tr><tr><td class=\"has-text-align-center\" data-align=\"center\">Formaci\u00f3n en Centros de Trabajo<\/td><td class=\"has-text-align-center\" data-align=\"center\">410 horas<\/td><\/tr><\/tbody><\/table><\/figure>\n","protected":false},"excerpt":{"rendered":"<p>M\u00f3dulos del primer a\u00f1o M\u00f3dulos Horas semanales T\u00e9cnicas B\u00e1sicas de Microbiolog\u00eda y Bioqu\u00edmica 5 horas Qu\u00edmica Aplicada 9 horas Muestreo y Operaciones Unitarias de Laboratorio 6 horas Servicios Auxiliares en el Laboratorio 2 horas Seguridad y Organizaci\u00f3n en el Laboratorio 3 horas Itinerario Personal para la Empleabilidad I 3 horas Almacenamiento y Distribuci\u00f3n en el [&hellip;]<\/p>\n","protected":false},"author":1,"featured_media":0,"parent":2113,"menu_order":47,"comment_status":"closed","ping_status":"closed","template":"custom-templates\/side-navigation.php","meta":{"footnotes":""},"class_list":["post-2126","page","type-page","status-publish","hentry"],"_links":{"self":[{"href":"https:\/\/sanmigueladoratrices.com\/nomatriculados\/wp-json\/wp\/v2\/pages\/2126","targetHints":{"allow":["GET"]}}],"collection":[{"href":"https:\/\/sanmigueladoratrices.com\/nomatriculados\/wp-json\/wp\/v2\/pages"}],"about":[{"href":"https:\/\/sanmigueladoratrices.com\/nomatriculados\/wp-json\/wp\/v2\/types\/page"}],"author":[{"embeddable":true,"href":"https:\/\/sanmigueladoratrices.com\/nomatriculados\/wp-json\/wp\/v2\/users\/1"}],"replies":[{"embeddable":true,"href":"https:\/\/sanmigueladoratrices.com\/nomatriculados\/wp-json\/wp\/v2\/comments?post=2126"}],"version-history":[{"count":4,"href":"https:\/\/sanmigueladoratrices.com\/nomatriculados\/wp-json\/wp\/v2\/pages\/2126\/revisions"}],"predecessor-version":[{"id":2228,"href":"https:\/\/sanmigueladoratrices.com\/nomatriculados\/wp-json\/wp\/v2\/pages\/2126\/revisions\/2228"}],"up":[{"embeddable":true,"href":"https:\/\/sanmigueladoratrices.com\/nomatriculados\/wp-json\/wp\/v2\/pages\/2113"}],"wp:attachment":[{"href":"https:\/\/sanmigueladoratrices.com\/nomatriculados\/wp-json\/wp\/v2\/media?parent=2126"}],"curies":[{"name":"wp","href":"https:\/\/api.w.org\/{rel}","templated":true}]}}