{"id":65,"date":"2016-02-29T21:26:12","date_gmt":"2016-02-29T20:26:12","guid":{"rendered":"https:\/\/colegio-sma-yagox.c9users.io\/nomatriculados\/?page_id=65"},"modified":"2016-11-15T12:35:36","modified_gmt":"2016-11-15T11:35:36","slug":"historia","status":"publish","type":"page","link":"https:\/\/sanmigueladoratrices.com\/nomatriculados\/historia\/","title":{"rendered":"Historia"},"content":{"rendered":"<p><a href=\"https:\/\/colegio-sma-yagox.c9users.io\/nomatriculados\/wp-content\/uploads\/sites\/5\/2016\/11\/1-apartado-de-historia.jpg\"><img loading=\"lazy\" decoding=\"async\" class=\"size-medium wp-image-274 aligncenter\" src=\"https:\/\/colegio-sma-yagox.c9users.io\/nomatriculados\/wp-content\/uploads\/sites\/5\/2016\/11\/1-apartado-de-historia-300x199.jpg\" alt=\"1-apartado-de-historia\" width=\"300\" height=\"199\" srcset=\"https:\/\/sanmigueladoratrices.com\/nomatriculados\/wp-content\/uploads\/sites\/5\/2016\/11\/1-apartado-de-historia-300x199.jpg 300w, https:\/\/sanmigueladoratrices.com\/nomatriculados\/wp-content\/uploads\/sites\/5\/2016\/11\/1-apartado-de-historia-768x510.jpg 768w, https:\/\/sanmigueladoratrices.com\/nomatriculados\/wp-content\/uploads\/sites\/5\/2016\/11\/1-apartado-de-historia-600x399.jpg 600w, https:\/\/sanmigueladoratrices.com\/nomatriculados\/wp-content\/uploads\/sites\/5\/2016\/11\/1-apartado-de-historia.jpg 960w\" sizes=\"auto, (max-width: 300px) 100vw, 300px\" \/><\/a><\/p>\n<ul>\n<li>En el a\u00f1o 1922 Los Marqueses de la Motilla y Condes de Casa Alegre (D. Miguel \u00c1ngel Desmaisieres y Farina y Do\u00f1a M\u00aa de los Dolores Salcedo y Barreto), en honor de su t\u00eda Santa Mar\u00eda Micaela Desmaisieres, fundaron\u00a0 la casa-colegio en Avda. de la Palmera.<\/li>\n<\/ul>\n<ul>\n<li>En 1949 se le concede autorizaci\u00f3n oficial.<\/li>\n<\/ul>\n<ul>\n<li>En la d\u00e9cada de los a\u00f1os 60 se empieza a impartir formaci\u00f3n profesional.<\/li>\n<\/ul>\n<ul>\n<li>En 1974 se finaliza con la construcci\u00f3n de un nuevo edificio.<\/li>\n<\/ul>\n","protected":false},"excerpt":{"rendered":"<p>En el a\u00f1o 1922 Los Marqueses de la Motilla y Condes de Casa Alegre (D. Miguel \u00c1ngel Desmaisieres y Farina y Do\u00f1a M\u00aa de los Dolores Salcedo y Barreto), en honor de su t\u00eda Santa Mar\u00eda Micaela Desmaisieres, fundaron\u00a0 la casa-colegio en Avda. de la Palmera. En 1949 se le concede autorizaci\u00f3n oficial. En la [&hellip;]<\/p>\n","protected":false},"author":1,"featured_media":0,"parent":0,"menu_order":73,"comment_status":"closed","ping_status":"closed","template":"","meta":{"footnotes":""},"class_list":["post-65","page","type-page","status-publish","hentry"],"_links":{"self":[{"href":"https:\/\/sanmigueladoratrices.com\/nomatriculados\/wp-json\/wp\/v2\/pages\/65","targetHints":{"allow":["GET"]}}],"collection":[{"href":"https:\/\/sanmigueladoratrices.com\/nomatriculados\/wp-json\/wp\/v2\/pages"}],"about":[{"href":"https:\/\/sanmigueladoratrices.com\/nomatriculados\/wp-json\/wp\/v2\/types\/page"}],"author":[{"embeddable":true,"href":"https:\/\/sanmigueladoratrices.com\/nomatriculados\/wp-json\/wp\/v2\/users\/1"}],"replies":[{"embeddable":true,"href":"https:\/\/sanmigueladoratrices.com\/nomatriculados\/wp-json\/wp\/v2\/comments?post=65"}],"version-history":[{"count":7,"href":"https:\/\/sanmigueladoratrices.com\/nomatriculados\/wp-json\/wp\/v2\/pages\/65\/revisions"}],"predecessor-version":[{"id":284,"href":"https:\/\/sanmigueladoratrices.com\/nomatriculados\/wp-json\/wp\/v2\/pages\/65\/revisions\/284"}],"wp:attachment":[{"href":"https:\/\/sanmigueladoratrices.com\/nomatriculados\/wp-json\/wp\/v2\/media?parent=65"}],"curies":[{"name":"wp","href":"https:\/\/api.w.org\/{rel}","templated":true}]}}